{"id":2376,"date":"2023-08-21T12:17:27","date_gmt":"2023-08-21T10:17:27","guid":{"rendered":"https:\/\/www.chodigital.agency\/quotation-page\/"},"modified":"2024-09-17T09:22:38","modified_gmt":"2024-09-17T07:22:38","slug":"quotation-page","status":"publish","type":"page","link":"https:\/\/chodigital.agency\/en\/quotation-page\/","title":{"rendered":"Quotation page"},"content":{"rendered":"\t\t<div data-elementor-type=\"wp-page\" data-elementor-id=\"2376\" class=\"elementor elementor-2376 elementor-852\" data-elementor-post-type=\"page\">\n\t\t\t\t\t\t<section class=\"elementor-section elementor-top-section elementor-element elementor-element-851ab72 elementor-section-boxed elementor-section-height-default elementor-section-height-default\" data-id=\"851ab72\" data-element_type=\"section\" data-settings=\"{&quot;background_background&quot;:&quot;classic&quot;}\">\n\t\t\t\t\t\t<div class=\"elementor-container elementor-column-gap-default\">\n\t\t\t\t\t<div class=\"elementor-column elementor-col-100 elementor-top-column elementor-element elementor-element-0ee5716\" data-id=\"0ee5716\" data-element_type=\"column\">\n\t\t\t<div class=\"elementor-widget-wrap elementor-element-populated\">\n\t\t\t\t\t\t<div class=\"elementor-element elementor-element-c2b06e9 elementor-widget elementor-widget-spacer\" data-id=\"c2b06e9\" data-element_type=\"widget\" data-widget_type=\"spacer.default\">\n\t\t\t\t<div class=\"elementor-widget-container\">\n\t\t\t\t\t\t\t<div class=\"elementor-spacer\">\n\t\t\t<div class=\"elementor-spacer-inner\"><\/div>\n\t\t<\/div>\n\t\t\t\t\t\t<\/div>\n\t\t\t\t<\/div>\n\t\t\t\t<section class=\"elementor-section elementor-inner-section elementor-element elementor-element-3c86bd7 elementor-section-boxed elementor-section-height-default elementor-section-height-default\" data-id=\"3c86bd7\" data-element_type=\"section\">\n\t\t\t\t\t\t<div class=\"elementor-container elementor-column-gap-default\">\n\t\t\t\t\t<div class=\"elementor-column elementor-col-50 elementor-inner-column elementor-element elementor-element-e067b71\" data-id=\"e067b71\" data-element_type=\"column\">\n\t\t\t<div class=\"elementor-widget-wrap elementor-element-populated\">\n\t\t\t\t\t\t<div class=\"elementor-element elementor-element-cb3c87a elementor-widget elementor-widget-heading\" data-id=\"cb3c87a\" data-element_type=\"widget\" data-widget_type=\"heading.default\">\n\t\t\t\t<div class=\"elementor-widget-container\">\n\t\t\t\t\t<h2 class=\"elementor-heading-title elementor-size-default\">This is where it all begins.<\/h2>\t\t\t\t<\/div>\n\t\t\t\t<\/div>\n\t\t\t\t\t<\/div>\n\t\t<\/div>\n\t\t\t\t<div class=\"elementor-column elementor-col-50 elementor-inner-column elementor-element elementor-element-da7740e\" data-id=\"da7740e\" data-element_type=\"column\">\n\t\t\t<div class=\"elementor-widget-wrap\">\n\t\t\t\t\t\t\t<\/div>\n\t\t<\/div>\n\t\t\t\t\t<\/div>\n\t\t<\/section>\n\t\t\t\t<div class=\"elementor-element elementor-element-87c437f elementor-widget elementor-widget-spacer\" data-id=\"87c437f\" data-element_type=\"widget\" data-widget_type=\"spacer.default\">\n\t\t\t\t<div class=\"elementor-widget-container\">\n\t\t\t\t\t\t\t<div class=\"elementor-spacer\">\n\t\t\t<div class=\"elementor-spacer-inner\"><\/div>\n\t\t<\/div>\n\t\t\t\t\t\t<\/div>\n\t\t\t\t<\/div>\n\t\t\t\t\t<\/div>\n\t\t<\/div>\n\t\t\t\t\t<\/div>\n\t\t<\/section>\n\t\t\t\t<section class=\"elementor-section elementor-top-section elementor-element elementor-element-b9e15b2 elementor-section-boxed elementor-section-height-default elementor-section-height-default\" data-id=\"b9e15b2\" data-element_type=\"section\">\n\t\t\t\t\t\t<div class=\"elementor-container elementor-column-gap-default\">\n\t\t\t\t\t<div class=\"elementor-column elementor-col-100 elementor-top-column elementor-element elementor-element-99076b0\" data-id=\"99076b0\" data-element_type=\"column\">\n\t\t\t<div class=\"elementor-widget-wrap elementor-element-populated\">\n\t\t\t\t\t\t<section class=\"elementor-section elementor-inner-section elementor-element elementor-element-a2ffe3f elementor-section-boxed elementor-section-height-default elementor-section-height-default\" data-id=\"a2ffe3f\" data-element_type=\"section\">\n\t\t\t\t\t\t<div class=\"elementor-container elementor-column-gap-default\">\n\t\t\t\t\t<div class=\"elementor-column elementor-col-100 elementor-inner-column elementor-element elementor-element-30dd6fd\" data-id=\"30dd6fd\" data-element_type=\"column\">\n\t\t\t<div class=\"elementor-widget-wrap elementor-element-populated\">\n\t\t\t\t\t\t<div class=\"elementor-element elementor-element-4fa1b49 elementor-widget elementor-widget-formidable\" data-id=\"4fa1b49\" data-element_type=\"widget\" data-widget_type=\"formidable.default\">\n\t\t\t\t<div class=\"elementor-widget-container\">\n\t\t\t\t\t<div class=\"frm_forms  with_frm_style frm_style_style-formidable\" id=\"frm_form_3_container\" data-token=\"802fe46f9ce2a5e378effac491f24c12\">\n<form enctype=\"multipart\/form-data\" method=\"post\" class=\"frm-show-form \" id=\"form_devis\" data-token=\"802fe46f9ce2a5e378effac491f24c12\">\n<div class=\"frm_form_fields \">\n<fieldset>\n<legend class=\"frm_screen_reader\">Devis<\/legend>\r\n\r\n<div class=\"frm_fields_container\">\n<input type=\"hidden\" name=\"frm_action\" value=\"create\" \/>\n<input type=\"hidden\" name=\"form_id\" value=\"3\" \/>\n<input type=\"hidden\" name=\"frm_hide_fields_3\" id=\"frm_hide_fields_3\" value=\"\" \/>\n<input type=\"hidden\" name=\"form_key\" value=\"devis\" \/>\n<input type=\"hidden\" name=\"item_meta[0]\" value=\"\" \/>\n<input type=\"hidden\" id=\"frm_submit_entry_3\" name=\"frm_submit_entry_3\" value=\"e93e2be439\" \/><input type=\"hidden\" name=\"_wp_http_referer\" value=\"\/en\/wp-json\/wp\/v2\/pages\/2376\" \/><div id=\"frm_field_12_container\" class=\"frm_form_field form-field  frm_required_field frm_top_container frm6 frm_first\">\r\n    <label for=\"field_if9mp\" id=\"field_if9mp_label\" class=\"frm_primary_label\">Nom\r\n        <span class=\"frm_required\" aria-hidden=\"true\">*<\/span>\r\n    <\/label>\r\n    <input type=\"text\" id=\"field_if9mp\" name=\"item_meta[12]\" value=\"\"  placeholder=\"Nom\" data-reqmsg=\"Nom cannot be blank.\" aria-required=\"true\" data-invmsg=\"texte est non valide\" aria-invalid=\"false\"  \/>\r\n    \r\n    \r\n<\/div>\n<div id=\"frm_field_13_container\" class=\"frm_form_field form-field  frm_required_field frm_top_container frm6\">\r\n    <label for=\"field_5j72u\" id=\"field_5j72u_label\" class=\"frm_primary_label\">Pr\u00e9nom\r\n        <span class=\"frm_required\" aria-hidden=\"true\">*<\/span>\r\n    <\/label>\r\n    <input type=\"text\" id=\"field_5j72u\" name=\"item_meta[13]\" value=\"\"  placeholder=\"Pr\u00e9nom\" data-reqmsg=\"Pr\u00e9nom cannot be blank.\" aria-required=\"true\" data-invmsg=\"texte est non valide\" aria-invalid=\"false\"  \/>\r\n    \r\n    \r\n<\/div>\n<div id=\"frm_field_14_container\" class=\"frm_form_field form-field  frm_required_field frm_top_container\">\r\n    <label for=\"field_9zqrb\" id=\"field_9zqrb_label\" class=\"frm_primary_label\">Soci\u00e9t\u00e9\r\n        <span class=\"frm_required\" aria-hidden=\"true\">*<\/span>\r\n    <\/label>\r\n    <input type=\"text\" id=\"field_9zqrb\" name=\"item_meta[14]\" value=\"\"  placeholder=\"Soci\u00e9t\u00e9\" data-reqmsg=\"Soci\u00e9t\u00e9 cannot be blank.\" aria-required=\"true\" data-invmsg=\"texte est non valide\" aria-invalid=\"false\"  \/>\r\n    \r\n    \r\n<\/div>\n<div id=\"frm_field_15_container\" class=\"frm_form_field form-field  frm_required_field frm_top_container\">\r\n    <label for=\"field_kv8vz\" id=\"field_kv8vz_label\" class=\"frm_primary_label\">Ville\r\n        <span class=\"frm_required\" aria-hidden=\"true\">*<\/span>\r\n    <\/label>\r\n    <input type=\"text\" id=\"field_kv8vz\" name=\"item_meta[15]\" value=\"\"  placeholder=\"Ville\" data-reqmsg=\"Ville cannot be blank.\" aria-required=\"true\" data-invmsg=\"texte est non valide\" aria-invalid=\"false\"  \/>\r\n    \r\n    \r\n<\/div>\n<div id=\"frm_field_16_container\" class=\"frm_form_field form-field  frm_required_field frm_top_container\">\r\n    <label for=\"field_d71ko\" id=\"field_d71ko_label\" class=\"frm_primary_label\">Site internet\r\n        <span class=\"frm_required\" aria-hidden=\"true\">*<\/span>\r\n    <\/label>\r\n    <input type=\"url\" id=\"field_d71ko\" name=\"item_meta[16]\" value=\"\"  placeholder=\"Site internet\" data-reqmsg=\"Site internet cannot be blank.\" aria-required=\"true\" data-invmsg=\"Site Web\/URL est non valide\" aria-invalid=\"false\"  \/>\r\n    \r\n    \r\n<\/div>\n<div id=\"frm_field_17_container\" class=\"frm_form_field form-field  frm_required_field frm_top_container\">\r\n    <label for=\"field_g6jqd\" id=\"field_g6jqd_label\" class=\"frm_primary_label\">Quelle est la taille de votre entreprise ?\r\n        <span class=\"frm_required\" aria-hidden=\"true\">*<\/span>\r\n    <\/label>\r\n    \t\t<select name=\"item_meta[17]\" id=\"field_g6jqd\"  data-reqmsg=\"Quelle est la taille de votre entreprise ? cannot be blank.\" aria-required=\"true\" data-invmsg=\"Quelle est la taille de votre entreprise ? is invalid\" aria-invalid=\"false\"  >\n\t\t<option  value=\"\" selected='selected'> <\/option><option  value=\"0 salari\u00e9s ou Ind\u00e9pendant\/Auto-Entrepreneurs\">0 salari\u00e9s ou Ind\u00e9pendant\/Auto-Entrepreneurs<\/option><option  value=\"1 \u00e0 10 salari\u00e9s\">1 \u00e0 10 salari\u00e9s<\/option><option  value=\"11 \u00e0 20 salari\u00e9s\">11 \u00e0 20 salari\u00e9s<\/option><option  value=\"Plus de 20 salari\u00e9s\">Plus de 20 salari\u00e9s<\/option>\t<\/select>\n\t\r\n    \r\n    \r\n<\/div>\n<div id=\"frm_field_18_container\" class=\"frm_form_field form-field  frm_required_field frm_top_container\">\r\n    <label for=\"field_7qko9\" id=\"field_7qko9_label\" class=\"frm_primary_label\">Email\r\n        <span class=\"frm_required\" aria-hidden=\"true\">*<\/span>\r\n    <\/label>\r\n    <input type=\"email\" id=\"field_7qko9\" name=\"item_meta[18]\" value=\"\"  placeholder=\"Email\" data-reqmsg=\"Email cannot be blank.\" aria-required=\"true\" data-invmsg=\"Email est non valide\" aria-invalid=\"false\"  \/>\r\n    \r\n    \r\n<\/div>\n<div id=\"frm_field_19_container\" class=\"frm_form_field form-field  frm_required_field frm_top_container\">\r\n    <label for=\"field_1j99s\" id=\"field_1j99s_label\" class=\"frm_primary_label\">T\u00e9l\u00e9phone\r\n        <span class=\"frm_required\" aria-hidden=\"true\">*<\/span>\r\n    <\/label>\r\n    <input type=\"tel\" id=\"field_1j99s\" name=\"item_meta[19]\" value=\"\"  placeholder=\"T\u00e9l\u00e9phone\" data-reqmsg=\"T\u00e9l\u00e9phone cannot be blank.\" aria-required=\"true\" data-invmsg=\"T\u00e9l\u00e9phone est non valide\" aria-invalid=\"false\" pattern=\"((\\+\\d{1,3}(-|.| )?\\(?\\d\\)?(-| |.)?\\d{1,5})|(\\(?\\d{2,6}\\)?))(-|.| )?(\\d{3,4})(-|.| )?(\\d{4})(( x| ext)\\d{1,5}){0,1}$\"  \/>\r\n    \r\n    \r\n<\/div>\n<div id=\"frm_field_21_container\" class=\"frm_form_field form-field  frm_top_container vertical_radio\">\r\n    <div  id=\"field_qiund_label\" class=\"frm_primary_label\">Quelle(s) service(s) vous int\u00e9resse(nt) ?\r\n        <span class=\"frm_required\" aria-hidden=\"true\"><\/span>\r\n    <\/div>\r\n    <div class=\"frm_opt_container\" aria-labelledby=\"field_qiund_label\" role=\"group\">\t\t<div class=\"frm_checkbox\" id=\"frm_checkbox_21-0\">\t\t\t<label  for=\"field_qiund-0\">\n\t\t\t<input type=\"checkbox\" name=\"item_meta[21][]\" id=\"field_qiund-0\" value=\"Accompagnement commerciale\"  data-invmsg=\"Quelle(s) service(s) vous int\u00e9resse(nt) ? is invalid\" aria-invalid=\"false\"   \/> Accompagnement commerciale<\/label><\/div>\n\t\t<div class=\"frm_checkbox\" id=\"frm_checkbox_21-1\">\t\t\t<label  for=\"field_qiund-1\">\n\t\t\t<input type=\"checkbox\" name=\"item_meta[21][]\" id=\"field_qiund-1\" value=\"Accompagnement communication\"  data-invmsg=\"Quelle(s) service(s) vous int\u00e9resse(nt) ? is invalid\" aria-invalid=\"false\"   \/> Accompagnement communication<\/label><\/div>\n\t\t<div class=\"frm_checkbox\" id=\"frm_checkbox_21-2\">\t\t\t<label  for=\"field_qiund-2\">\n\t\t\t<input type=\"checkbox\" name=\"item_meta[21][]\" id=\"field_qiund-2\" value=\"Accompagnement graphique\"  data-invmsg=\"Quelle(s) service(s) vous int\u00e9resse(nt) ? is invalid\" aria-invalid=\"false\"   \/> Accompagnement graphique<\/label><\/div>\n\t\t<div class=\"frm_checkbox\" id=\"frm_checkbox_21-3\">\t\t\t<label  for=\"field_qiund-3\">\n\t\t\t<input type=\"checkbox\" name=\"item_meta[21][]\" id=\"field_qiund-3\" value=\"Accompagnement web\"  data-invmsg=\"Quelle(s) service(s) vous int\u00e9resse(nt) ? is invalid\" aria-invalid=\"false\"   \/> Accompagnement web<\/label><\/div>\n\t\t<div class=\"frm_checkbox\" id=\"frm_checkbox_21-4\">\t\t\t<label  for=\"field_qiund-4\">\n\t\t\t<input type=\"checkbox\" name=\"item_meta[21][]\" id=\"field_qiund-4\" value=\"Accompagnement sur mesure\"  data-invmsg=\"Quelle(s) service(s) vous int\u00e9resse(nt) ? is invalid\" aria-invalid=\"false\"   \/> Accompagnement sur mesure<\/label><\/div>\n<\/div>\r\n    \r\n    \r\n<\/div>\n<div id=\"frm_field_23_container\" class=\"frm_form_field form-field  frm_required_field frm_top_container\">\r\n    <label for=\"field_gnxow\" id=\"field_gnxow_label\" class=\"frm_primary_label\">Quand seriez-vous susceptible de faire appel \u00e0 nos services ?\r\n        <span class=\"frm_required\" aria-hidden=\"true\">*<\/span>\r\n    <\/label>\r\n    <textarea name=\"item_meta[23]\" id=\"field_gnxow\" rows=\"5\"  data-reqmsg=\"Quand seriez-vous susceptible de faire appel \u00e0 nos services ? cannot be blank.\" aria-required=\"true\" data-invmsg=\"Quand seriez-vous susceptible de faire appel \u00e0 nos services ? is invalid\" aria-invalid=\"false\"  ><\/textarea>\r\n    \r\n    \r\n<\/div>\n<div id=\"frm_field_24_container\" class=\"frm_form_field form-field  frm_top_container\">\r\n    <label for=\"field_mzati\" id=\"field_mzati_label\" class=\"frm_primary_label\">Quel format de collaboration envisagez-vous ?\r\n        <span class=\"frm_required\" aria-hidden=\"true\"><\/span>\r\n    <\/label>\r\n    <textarea name=\"item_meta[24]\" id=\"field_mzati\" rows=\"5\"  data-invmsg=\"Quel format de collaboration envisagez-vous ? is invalid\" aria-invalid=\"false\"  ><\/textarea>\r\n    \r\n    \r\n<\/div>\n<div id=\"frm_field_25_container\" class=\"frm_form_field form-field  frm_required_field frm_top_container\">\r\n    <label for=\"field_eamsv\" id=\"field_eamsv_label\" class=\"frm_primary_label\">\u00c0 quel stade de la r\u00e9flexion en \u00eates-vous quant \u00e0 la d\u00e9cision de nous confier votre projet\/id\u00e9e ? \r\n        <span class=\"frm_required\" aria-hidden=\"true\">*<\/span>\r\n    <\/label>\r\n    \t\t<select name=\"item_meta[25]\" id=\"field_eamsv\"  data-reqmsg=\"\u00c0 quel stade de la r\u00e9flexion en \u00eates-vous quant \u00e0 la d\u00e9cision de nous confier votre projet\/id\u00e9e ?  cannot be blank.\" aria-required=\"true\" data-invmsg=\"\u00c0 quel stade de la r\u00e9flexion en \u00eates-vous quant \u00e0 la d\u00e9cision de nous confier votre projet\/id\u00e9e ?  is invalid\" aria-invalid=\"false\"  >\n\t\t<option  value=\"\" selected='selected'> <\/option><option  value=\"Je prends simplement des renseignements sur vos services\">Je prends simplement des renseignements sur vos services<\/option><option  value=\"Je suis tr\u00e8s int\u00e9ress\u00e9(e) par l&#039;un\/plusieurs de vos service(s) et souhaiterais en savoir plus\">Je suis tr\u00e8s int\u00e9ress\u00e9(e) par l&#039;un\/plusieurs de vos service(s) et souhaiterais en savoir plus<\/option>\t<\/select>\n\t\r\n    \r\n    \r\n<\/div>\n<div id=\"frm_field_27_container\" class=\"frm_form_field form-field  frm_required_field frm_top_container\">\r\n    <label for=\"field_85yvt\" id=\"field_85yvt_label\" class=\"frm_primary_label\">Comment avez-vous entendu parler de nous ?\r\n        <span class=\"frm_required\" aria-hidden=\"true\">*<\/span>\r\n    <\/label>\r\n    \t\t<select name=\"item_meta[27]\" id=\"field_85yvt\"  data-reqmsg=\"Comment avez-vous entendu parler de nous ? cannot be blank.\" aria-required=\"true\" data-invmsg=\"Comment avez-vous entendu parler de nous ? is invalid\" aria-invalid=\"false\"  >\n\t\t<option  value=\"\" selected='selected'> <\/option><option  value=\"Prospection\">Prospection<\/option><option  value=\"Recommandation\">Recommandation<\/option><option  value=\"Site internet\">Site internet<\/option><option  value=\"R\u00e9seaux sociaux\">R\u00e9seaux sociaux<\/option>\t<\/select>\n\t\r\n    \r\n    \r\n<\/div>\n<div id=\"frm_field_28_container\" class=\"frm_form_field form-field  frm_required_field frm_top_container\">\r\n    <label for=\"field_ux2yc\" id=\"field_ux2yc_label\" class=\"frm_primary_label\">Message (pr\u00e9cisions sur vos besoins, particularit\u00e9s...)\r\n        <span class=\"frm_required\" aria-hidden=\"true\">*<\/span>\r\n    <\/label>\r\n    <textarea name=\"item_meta[28]\" id=\"field_ux2yc\" rows=\"5\"  placeholder=\"Message\" data-reqmsg=\"Message (pr\u00e9cisions sur vos besoins, particularit\u00e9s...) cannot be blank.\" aria-required=\"true\" data-invmsg=\"Message (pr\u00e9cisions sur vos besoins, particularit\u00e9s...) is invalid\" aria-invalid=\"false\"  ><\/textarea>\r\n    \r\n    \r\n<\/div>\n<div id=\"frm_field_29_container\" class=\"frm_form_field form-field  frm_top_container vertical_radio\">\r\n    <div  id=\"field_bxasm_label\" class=\"frm_primary_label\">\r\n        <span class=\"frm_required\" aria-hidden=\"true\"><\/span>\r\n    <\/div>\r\n    <div class=\"frm_opt_container\" aria-labelledby=\"field_bxasm_label\" role=\"group\">\t\t<div class=\"frm_checkbox\" id=\"frm_checkbox_29-0\">\t\t\t<label  for=\"field_bxasm-0\">\n\t\t\t<input type=\"checkbox\" name=\"item_meta[29][]\" id=\"field_bxasm-0\" value=\"J&#039;ai lu et compris la Politique de confidentialit\u00e9\"  data-invmsg=\"This field is invalid\" aria-invalid=\"false\"   \/> J'ai lu et compris la Politique de confidentialit\u00e9<\/label><\/div>\n<\/div>\r\n    \r\n    \r\n<\/div>\n\t<input type=\"hidden\" name=\"item_key\" value=\"\" \/>\n\t\t\t\t<div class=\"frm__67861e7a03fe9\">\n\t\t\t\t<label for=\"frm_email_3\" >\n\t\t\t\t\tIf you are human, leave this field blank.\t\t\t\t<\/label>\n\t\t\t\t<input  id=\"frm_email_3\" type=\"text\" class=\"frm_verify\" name=\"frm__67861e7a03fe9\" value=\"\" autocomplete=\"off\"  \/>\n\t\t\t<\/div>\n\t\t<div class=\"frm_submit\">\r\n\r\n<button class=\"frm_button_submit\" type=\"submit\"  >Envoyer<\/button>\r\n\r\n\r\n<\/div><\/div>\n<\/fieldset>\n<\/div>\n\n<\/form>\n<\/div>\n\t\t\t\t<\/div>\n\t\t\t\t<\/div>\n\t\t\t\t\t<\/div>\n\t\t<\/div>\n\t\t\t\t\t<\/div>\n\t\t<\/section>\n\t\t\t\t\t<\/div>\n\t\t<\/div>\n\t\t\t\t\t<\/div>\n\t\t<\/section>\n\t\t\t\t<\/div>\n\t\t","protected":false},"excerpt":{"rendered":"<p>This is where it all begins. Devis Nom * Pr\u00e9nom * Soci\u00e9t\u00e9 * Ville * Site internet * Quelle est la taille de votre entreprise ? * 0 salari\u00e9s ou Ind\u00e9pendant\/Auto-Entrepreneurs1 \u00e0 10 salari\u00e9s11 \u00e0 20 salari\u00e9sPlus de 20 salari\u00e9s Email * T\u00e9l\u00e9phone * Quelle(s) service(s) vous int\u00e9resse(nt) ? Accompagnement commerciale Accompagnement communication Accompagnement graphique [&hellip;]<\/p>\n","protected":false},"author":2,"featured_media":0,"parent":0,"menu_order":0,"comment_status":"closed","ping_status":"closed","template":"elementor_header_footer","meta":{"footnotes":""},"class_list":["post-2376","page","type-page","status-publish","hentry"],"yoast_head":"<!-- This site is optimized with the Yoast SEO plugin v24.9 - https:\/\/yoast.com\/wordpress\/plugins\/seo\/ -->\n<title>Quotation page - CHO Digital<\/title>\n<meta name=\"robots\" content=\"index, follow, max-snippet:-1, max-image-preview:large, max-video-preview:-1\" \/>\n<link rel=\"canonical\" href=\"https:\/\/chodigital.agency\/en\/quotation-page\/\" \/>\n<meta property=\"og:locale\" content=\"en_US\" \/>\n<meta property=\"og:type\" content=\"article\" \/>\n<meta property=\"og:title\" content=\"Quotation page - CHO Digital\" \/>\n<meta property=\"og:description\" content=\"This is where it all begins. Devis Nom * Pr\u00e9nom * Soci\u00e9t\u00e9 * Ville * Site internet * Quelle est la taille de votre entreprise ? * 0 salari\u00e9s ou Ind\u00e9pendant\/Auto-Entrepreneurs1 \u00e0 10 salari\u00e9s11 \u00e0 20 salari\u00e9sPlus de 20 salari\u00e9s Email * T\u00e9l\u00e9phone * Quelle(s) service(s) vous int\u00e9resse(nt) ? Accompagnement commerciale Accompagnement communication Accompagnement graphique [&hellip;]\" \/>\n<meta property=\"og:url\" content=\"https:\/\/chodigital.agency\/en\/quotation-page\/\" \/>\n<meta property=\"og:site_name\" content=\"CHO Digital\" \/>\n<meta property=\"article:modified_time\" content=\"2024-09-17T07:22:38+00:00\" \/>\n<meta name=\"twitter:card\" content=\"summary_large_image\" \/>\n<meta name=\"twitter:label1\" content=\"Est. reading time\" \/>\n\t<meta name=\"twitter:data1\" content=\"1 minute\" \/>\n<script type=\"application\/ld+json\" class=\"yoast-schema-graph\">{\"@context\":\"https:\/\/schema.org\",\"@graph\":[{\"@type\":\"WebPage\",\"@id\":\"https:\/\/chodigital.agency\/en\/quotation-page\/\",\"url\":\"https:\/\/chodigital.agency\/en\/quotation-page\/\",\"name\":\"Quotation page - CHO Digital\",\"isPartOf\":{\"@id\":\"https:\/\/chodigital.agency\/en\/#website\"},\"datePublished\":\"2023-08-21T10:17:27+00:00\",\"dateModified\":\"2024-09-17T07:22:38+00:00\",\"breadcrumb\":{\"@id\":\"https:\/\/chodigital.agency\/en\/quotation-page\/#breadcrumb\"},\"inLanguage\":\"en-US\",\"potentialAction\":[{\"@type\":\"ReadAction\",\"target\":[\"https:\/\/chodigital.agency\/en\/quotation-page\/\"]}]},{\"@type\":\"BreadcrumbList\",\"@id\":\"https:\/\/chodigital.agency\/en\/quotation-page\/#breadcrumb\",\"itemListElement\":[{\"@type\":\"ListItem\",\"position\":1,\"name\":\"Accueil\",\"item\":\"https:\/\/chodigital.agency\/en\/home\/\"},{\"@type\":\"ListItem\",\"position\":2,\"name\":\"Quotation page\"}]},{\"@type\":\"WebSite\",\"@id\":\"https:\/\/chodigital.agency\/en\/#website\",\"url\":\"https:\/\/chodigital.agency\/en\/\",\"name\":\"CHO Digital\",\"description\":\"\",\"publisher\":{\"@id\":\"https:\/\/chodigital.agency\/en\/#organization\"},\"potentialAction\":[{\"@type\":\"SearchAction\",\"target\":{\"@type\":\"EntryPoint\",\"urlTemplate\":\"https:\/\/chodigital.agency\/en\/?s={search_term_string}\"},\"query-input\":{\"@type\":\"PropertyValueSpecification\",\"valueRequired\":true,\"valueName\":\"search_term_string\"}}],\"inLanguage\":\"en-US\"},{\"@type\":\"Organization\",\"@id\":\"https:\/\/chodigital.agency\/en\/#organization\",\"name\":\"CHO Digital\",\"url\":\"https:\/\/chodigital.agency\/en\/\",\"logo\":{\"@type\":\"ImageObject\",\"inLanguage\":\"en-US\",\"@id\":\"https:\/\/chodigital.agency\/en\/#\/schema\/logo\/image\/\",\"url\":\"https:\/\/chodigital.agency\/wp-content\/uploads\/2023\/08\/logo-cho-digital-noir.png\",\"contentUrl\":\"https:\/\/chodigital.agency\/wp-content\/uploads\/2023\/08\/logo-cho-digital-noir.png\",\"width\":4961,\"height\":4961,\"caption\":\"CHO Digital\"},\"image\":{\"@id\":\"https:\/\/chodigital.agency\/en\/#\/schema\/logo\/image\/\"}}]}<\/script>\n<!-- \/ Yoast SEO plugin. -->","yoast_head_json":{"title":"Quotation page - CHO Digital","robots":{"index":"index","follow":"follow","max-snippet":"max-snippet:-1","max-image-preview":"max-image-preview:large","max-video-preview":"max-video-preview:-1"},"canonical":"https:\/\/chodigital.agency\/en\/quotation-page\/","og_locale":"en_US","og_type":"article","og_title":"Quotation page - CHO Digital","og_description":"This is where it all begins. Devis Nom * Pr\u00e9nom * Soci\u00e9t\u00e9 * Ville * Site internet * Quelle est la taille de votre entreprise ? * 0 salari\u00e9s ou Ind\u00e9pendant\/Auto-Entrepreneurs1 \u00e0 10 salari\u00e9s11 \u00e0 20 salari\u00e9sPlus de 20 salari\u00e9s Email * T\u00e9l\u00e9phone * Quelle(s) service(s) vous int\u00e9resse(nt) ? Accompagnement commerciale Accompagnement communication Accompagnement graphique [&hellip;]","og_url":"https:\/\/chodigital.agency\/en\/quotation-page\/","og_site_name":"CHO Digital","article_modified_time":"2024-09-17T07:22:38+00:00","twitter_card":"summary_large_image","twitter_misc":{"Est. reading time":"1 minute"},"schema":{"@context":"https:\/\/schema.org","@graph":[{"@type":"WebPage","@id":"https:\/\/chodigital.agency\/en\/quotation-page\/","url":"https:\/\/chodigital.agency\/en\/quotation-page\/","name":"Quotation page - CHO Digital","isPartOf":{"@id":"https:\/\/chodigital.agency\/en\/#website"},"datePublished":"2023-08-21T10:17:27+00:00","dateModified":"2024-09-17T07:22:38+00:00","breadcrumb":{"@id":"https:\/\/chodigital.agency\/en\/quotation-page\/#breadcrumb"},"inLanguage":"en-US","potentialAction":[{"@type":"ReadAction","target":["https:\/\/chodigital.agency\/en\/quotation-page\/"]}]},{"@type":"BreadcrumbList","@id":"https:\/\/chodigital.agency\/en\/quotation-page\/#breadcrumb","itemListElement":[{"@type":"ListItem","position":1,"name":"Accueil","item":"https:\/\/chodigital.agency\/en\/home\/"},{"@type":"ListItem","position":2,"name":"Quotation page"}]},{"@type":"WebSite","@id":"https:\/\/chodigital.agency\/en\/#website","url":"https:\/\/chodigital.agency\/en\/","name":"CHO Digital","description":"","publisher":{"@id":"https:\/\/chodigital.agency\/en\/#organization"},"potentialAction":[{"@type":"SearchAction","target":{"@type":"EntryPoint","urlTemplate":"https:\/\/chodigital.agency\/en\/?s={search_term_string}"},"query-input":{"@type":"PropertyValueSpecification","valueRequired":true,"valueName":"search_term_string"}}],"inLanguage":"en-US"},{"@type":"Organization","@id":"https:\/\/chodigital.agency\/en\/#organization","name":"CHO Digital","url":"https:\/\/chodigital.agency\/en\/","logo":{"@type":"ImageObject","inLanguage":"en-US","@id":"https:\/\/chodigital.agency\/en\/#\/schema\/logo\/image\/","url":"https:\/\/chodigital.agency\/wp-content\/uploads\/2023\/08\/logo-cho-digital-noir.png","contentUrl":"https:\/\/chodigital.agency\/wp-content\/uploads\/2023\/08\/logo-cho-digital-noir.png","width":4961,"height":4961,"caption":"CHO Digital"},"image":{"@id":"https:\/\/chodigital.agency\/en\/#\/schema\/logo\/image\/"}}]}},"_links":{"self":[{"href":"https:\/\/chodigital.agency\/en\/wp-json\/wp\/v2\/pages\/2376","targetHints":{"allow":["GET"]}}],"collection":[{"href":"https:\/\/chodigital.agency\/en\/wp-json\/wp\/v2\/pages"}],"about":[{"href":"https:\/\/chodigital.agency\/en\/wp-json\/wp\/v2\/types\/page"}],"author":[{"embeddable":true,"href":"https:\/\/chodigital.agency\/en\/wp-json\/wp\/v2\/users\/2"}],"replies":[{"embeddable":true,"href":"https:\/\/chodigital.agency\/en\/wp-json\/wp\/v2\/comments?post=2376"}],"version-history":[{"count":1,"href":"https:\/\/chodigital.agency\/en\/wp-json\/wp\/v2\/pages\/2376\/revisions"}],"predecessor-version":[{"id":2378,"href":"https:\/\/chodigital.agency\/en\/wp-json\/wp\/v2\/pages\/2376\/revisions\/2378"}],"wp:attachment":[{"href":"https:\/\/chodigital.agency\/en\/wp-json\/wp\/v2\/media?parent=2376"}],"curies":[{"name":"wp","href":"https:\/\/api.w.org\/{rel}","templated":true}]}}