{"id":2387,"date":"2024-02-06T09:35:47","date_gmt":"2024-02-06T08:35:47","guid":{"rendered":"https:\/\/www.chodigital.agency\/blog\/"},"modified":"2024-09-17T09:22:41","modified_gmt":"2024-09-17T07:22:41","slug":"blog","status":"publish","type":"page","link":"https:\/\/chodigital.agency\/en\/blog\/","title":{"rendered":"Blog"},"content":{"rendered":"\t\t<div data-elementor-type=\"wp-page\" data-elementor-id=\"2387\" class=\"elementor elementor-2387 elementor-1979\" data-elementor-post-type=\"page\">\n\t\t\t\t<div class=\"elementor-element elementor-element-0c4eea0 e-flex e-con-boxed e-con e-parent\" data-id=\"0c4eea0\" data-element_type=\"container\">\n\t\t\t\t\t<div class=\"e-con-inner\">\n\t\t<div class=\"elementor-element elementor-element-0aaa02b e-con-full e-flex e-con e-child\" data-id=\"0aaa02b\" data-element_type=\"container\" data-settings=\"{&quot;background_background&quot;:&quot;classic&quot;}\">\n\t\t\t\t<div class=\"elementor-element elementor-element-5efd91b elementor-widget__width-initial elementor-widget elementor-widget-heading\" data-id=\"5efd91b\" data-element_type=\"widget\" data-widget_type=\"heading.default\">\n\t\t\t\t<div class=\"elementor-widget-container\">\n\t\t\t\t\t<h1 class=\"elementor-heading-title elementor-size-default\">Discover our articles<\/h1>\t\t\t\t<\/div>\n\t\t\t\t<\/div>\n\t\t\t\t<\/div>\n\t\t\t\t\t<\/div>\n\t\t\t\t<\/div>\n\t\t<div class=\"elementor-element elementor-element-36b75f0 e-flex e-con-boxed e-con e-parent\" data-id=\"36b75f0\" data-element_type=\"container\">\n\t\t\t\t\t<div class=\"e-con-inner\">\n\t\t\t\t<div class=\"elementor-element elementor-element-bc767d0 elementor-grid-3 elementor-grid-tablet-2 elementor-grid-mobile-1 elementor-posts--thumbnail-top elementor-card-shadow-yes elementor-posts__hover-gradient elementor-widget elementor-widget-posts\" data-id=\"bc767d0\" data-element_type=\"widget\" data-settings=\"{&quot;pagination_type&quot;:&quot;numbers&quot;,&quot;cards_columns&quot;:&quot;3&quot;,&quot;cards_columns_tablet&quot;:&quot;2&quot;,&quot;cards_columns_mobile&quot;:&quot;1&quot;,&quot;cards_row_gap&quot;:{&quot;unit&quot;:&quot;px&quot;,&quot;size&quot;:35,&quot;sizes&quot;:[]},&quot;cards_row_gap_tablet&quot;:{&quot;unit&quot;:&quot;px&quot;,&quot;size&quot;:&quot;&quot;,&quot;sizes&quot;:[]},&quot;cards_row_gap_mobile&quot;:{&quot;unit&quot;:&quot;px&quot;,&quot;size&quot;:&quot;&quot;,&quot;sizes&quot;:[]}}\" data-widget_type=\"posts.cards\">\n\t\t\t\t<div class=\"elementor-widget-container\">\n\t\t\t\t\t\t\t<div class=\"elementor-posts-container elementor-posts elementor-posts--skin-cards elementor-grid\">\n\t\t\t\t<article class=\"elementor-post elementor-grid-item post-2734 post type-post status-publish format-standard has-post-thumbnail hentry category-non-classifiee\">\n\t\t\t<div class=\"elementor-post__card\">\n\t\t\t\t<a class=\"elementor-post__thumbnail__link\" href=\"https:\/\/chodigital.agency\/en\/10-key-changes-for-vses-and-smes-in-2025\/\" tabindex=\"-1\" ><div class=\"elementor-post__thumbnail\"><img fetchpriority=\"high\" decoding=\"async\" width=\"300\" height=\"200\" src=\"https:\/\/chodigital.agency\/wp-content\/uploads\/2025\/02\/10-changements-marquants-pour-les-TPE-et-PME-en-2025-1-300x200.jpg\" class=\"attachment-medium size-medium wp-image-2721\" alt=\"News : 10 changements marquants pour les TPE et PME en 2025\" srcset=\"https:\/\/chodigital.agency\/wp-content\/uploads\/2025\/02\/10-changements-marquants-pour-les-TPE-et-PME-en-2025-1-300x200.jpg 300w, https:\/\/chodigital.agency\/wp-content\/uploads\/2025\/02\/10-changements-marquants-pour-les-TPE-et-PME-en-2025-1-1024x683.jpg 1024w, https:\/\/chodigital.agency\/wp-content\/uploads\/2025\/02\/10-changements-marquants-pour-les-TPE-et-PME-en-2025-1-768x512.jpg 768w, https:\/\/chodigital.agency\/wp-content\/uploads\/2025\/02\/10-changements-marquants-pour-les-TPE-et-PME-en-2025-1-1536x1024.jpg 1536w, https:\/\/chodigital.agency\/wp-content\/uploads\/2025\/02\/10-changements-marquants-pour-les-TPE-et-PME-en-2025-1-2048x1366.jpg 2048w\" sizes=\"(max-width: 300px) 100vw, 300px\" \/><\/div><\/a>\n\t\t\t\t<div class=\"elementor-post__text\">\n\t\t\t\t<h3 class=\"elementor-post__title\">\n\t\t\t<a href=\"https:\/\/chodigital.agency\/en\/10-key-changes-for-vses-and-smes-in-2025\/\" >\n\t\t\t\t10 key changes for VSEs and SMEs in 2025\t\t\t<\/a>\n\t\t<\/h3>\n\t\t\n\t\t<a class=\"elementor-post__read-more\" href=\"https:\/\/chodigital.agency\/en\/10-key-changes-for-vses-and-smes-in-2025\/\" aria-label=\"Read more about 10 key changes for VSEs and SMEs in 2025\" tabindex=\"-1\" >\n\t\t\tRead more\t\t<\/a>\n\n\t\t\t\t<\/div>\n\t\t\t\t\t<\/div>\n\t\t<\/article>\n\t\t\t\t<article class=\"elementor-post elementor-grid-item post-2728 post type-post status-publish format-standard has-post-thumbnail hentry category-non-classifiee\">\n\t\t\t<div class=\"elementor-post__card\">\n\t\t\t\t<a class=\"elementor-post__thumbnail__link\" href=\"https:\/\/chodigital.agency\/en\/administrative-assistance-in-the-workplace-who-can-you-delegate-to-save-time\/\" tabindex=\"-1\" ><div class=\"elementor-post__thumbnail\"><img decoding=\"async\" width=\"300\" height=\"200\" src=\"https:\/\/chodigital.agency\/wp-content\/uploads\/2025\/02\/Aide-administrative-en-entreprise-a-qui-deleguer-pour-gagner-du-temps-300x200.jpg\" class=\"attachment-medium size-medium wp-image-2725\" alt=\"un office manager apporte son aide administrative en entreprise\" srcset=\"https:\/\/chodigital.agency\/wp-content\/uploads\/2025\/02\/Aide-administrative-en-entreprise-a-qui-deleguer-pour-gagner-du-temps-300x200.jpg 300w, https:\/\/chodigital.agency\/wp-content\/uploads\/2025\/02\/Aide-administrative-en-entreprise-a-qui-deleguer-pour-gagner-du-temps-1024x683.jpg 1024w, https:\/\/chodigital.agency\/wp-content\/uploads\/2025\/02\/Aide-administrative-en-entreprise-a-qui-deleguer-pour-gagner-du-temps-768x512.jpg 768w, https:\/\/chodigital.agency\/wp-content\/uploads\/2025\/02\/Aide-administrative-en-entreprise-a-qui-deleguer-pour-gagner-du-temps-1536x1024.jpg 1536w, https:\/\/chodigital.agency\/wp-content\/uploads\/2025\/02\/Aide-administrative-en-entreprise-a-qui-deleguer-pour-gagner-du-temps-2048x1365.jpg 2048w\" sizes=\"(max-width: 300px) 100vw, 300px\" \/><\/div><\/a>\n\t\t\t\t<div class=\"elementor-post__text\">\n\t\t\t\t<h3 class=\"elementor-post__title\">\n\t\t\t<a href=\"https:\/\/chodigital.agency\/en\/administrative-assistance-in-the-workplace-who-can-you-delegate-to-save-time\/\" >\n\t\t\t\tAdministrative assistance in the workplace: who can you delegate to save time?\t\t\t<\/a>\n\t\t<\/h3>\n\t\t\n\t\t<a class=\"elementor-post__read-more\" href=\"https:\/\/chodigital.agency\/en\/administrative-assistance-in-the-workplace-who-can-you-delegate-to-save-time\/\" aria-label=\"Read more about Administrative assistance in the workplace: who can you delegate to save time?\" tabindex=\"-1\" >\n\t\t\tRead more\t\t<\/a>\n\n\t\t\t\t<\/div>\n\t\t\t\t\t<\/div>\n\t\t<\/article>\n\t\t\t\t<article class=\"elementor-post elementor-grid-item post-2591 post type-post status-publish format-standard has-post-thumbnail hentry category-non-classifiee\">\n\t\t\t<div class=\"elementor-post__card\">\n\t\t\t\t<a class=\"elementor-post__thumbnail__link\" href=\"https:\/\/chodigital.agency\/en\/how-to-manage-unpaid-customer-bills-our-tips-for-vses-and-smes\/\" tabindex=\"-1\" ><div class=\"elementor-post__thumbnail\"><img decoding=\"async\" width=\"300\" height=\"200\" src=\"https:\/\/chodigital.agency\/wp-content\/uploads\/2024\/12\/Comment-gerer-les-impayes-clients-nos-conseils-pour-TPE-et-PME-300x200.jpg\" class=\"attachment-medium size-medium wp-image-2582\" alt=\"Comment g\u00e9rer les impay\u00e9s clients : nos conseils pour TPE et PME\" srcset=\"https:\/\/chodigital.agency\/wp-content\/uploads\/2024\/12\/Comment-gerer-les-impayes-clients-nos-conseils-pour-TPE-et-PME-300x200.jpg 300w, https:\/\/chodigital.agency\/wp-content\/uploads\/2024\/12\/Comment-gerer-les-impayes-clients-nos-conseils-pour-TPE-et-PME-1024x683.jpg 1024w, https:\/\/chodigital.agency\/wp-content\/uploads\/2024\/12\/Comment-gerer-les-impayes-clients-nos-conseils-pour-TPE-et-PME-768x513.jpg 768w, https:\/\/chodigital.agency\/wp-content\/uploads\/2024\/12\/Comment-gerer-les-impayes-clients-nos-conseils-pour-TPE-et-PME-1536x1025.jpg 1536w, https:\/\/chodigital.agency\/wp-content\/uploads\/2024\/12\/Comment-gerer-les-impayes-clients-nos-conseils-pour-TPE-et-PME-2048x1367.jpg 2048w\" sizes=\"(max-width: 300px) 100vw, 300px\" \/><\/div><\/a>\n\t\t\t\t<div class=\"elementor-post__text\">\n\t\t\t\t<h3 class=\"elementor-post__title\">\n\t\t\t<a href=\"https:\/\/chodigital.agency\/en\/how-to-manage-unpaid-customer-bills-our-tips-for-vses-and-smes\/\" >\n\t\t\t\tHow to manage unpaid bills in business: our advice for VSEs and SMEs\t\t\t<\/a>\n\t\t<\/h3>\n\t\t\n\t\t<a class=\"elementor-post__read-more\" href=\"https:\/\/chodigital.agency\/en\/how-to-manage-unpaid-customer-bills-our-tips-for-vses-and-smes\/\" aria-label=\"Read more about How to manage unpaid bills in business: our advice for VSEs and SMEs\" tabindex=\"-1\" >\n\t\t\tRead more\t\t<\/a>\n\n\t\t\t\t<\/div>\n\t\t\t\t\t<\/div>\n\t\t<\/article>\n\t\t\t\t<article class=\"elementor-post elementor-grid-item post-2476 post type-post status-publish format-standard has-post-thumbnail hentry category-non-classifiee\">\n\t\t\t<div class=\"elementor-post__card\">\n\t\t\t\t<a class=\"elementor-post__thumbnail__link\" href=\"https:\/\/chodigital.agency\/en\/how-to-recruit-on-linkedin-in-2024-the-complete-guide-for-vse-and-sme-managers\/\" tabindex=\"-1\" ><div class=\"elementor-post__thumbnail\"><img loading=\"lazy\" decoding=\"async\" width=\"300\" height=\"169\" src=\"https:\/\/chodigital.agency\/wp-content\/uploads\/2024\/11\/Comment-recruter-sur-LinkedIn-en-2024-le-guide-complet-pour-les-dirigeants-de-TPE-et-PME-300x169.jpg\" class=\"attachment-medium size-medium wp-image-2473\" alt=\"Comment recruter sur LinkedIn en 2024  le guide complet pour les dirigeants de TPE et PME\" srcset=\"https:\/\/chodigital.agency\/wp-content\/uploads\/2024\/11\/Comment-recruter-sur-LinkedIn-en-2024-le-guide-complet-pour-les-dirigeants-de-TPE-et-PME-300x169.jpg 300w, https:\/\/chodigital.agency\/wp-content\/uploads\/2024\/11\/Comment-recruter-sur-LinkedIn-en-2024-le-guide-complet-pour-les-dirigeants-de-TPE-et-PME-1024x576.jpg 1024w, https:\/\/chodigital.agency\/wp-content\/uploads\/2024\/11\/Comment-recruter-sur-LinkedIn-en-2024-le-guide-complet-pour-les-dirigeants-de-TPE-et-PME-768x432.jpg 768w, https:\/\/chodigital.agency\/wp-content\/uploads\/2024\/11\/Comment-recruter-sur-LinkedIn-en-2024-le-guide-complet-pour-les-dirigeants-de-TPE-et-PME.jpg 1500w\" sizes=\"(max-width: 300px) 100vw, 300px\" \/><\/div><\/a>\n\t\t\t\t<div class=\"elementor-post__text\">\n\t\t\t\t<h3 class=\"elementor-post__title\">\n\t\t\t<a href=\"https:\/\/chodigital.agency\/en\/how-to-recruit-on-linkedin-in-2024-the-complete-guide-for-vse-and-sme-managers\/\" >\n\t\t\t\tHow to recruit on LinkedIn in 2025: the complete guide for VSE and SME managers\t\t\t<\/a>\n\t\t<\/h3>\n\t\t\n\t\t<a class=\"elementor-post__read-more\" href=\"https:\/\/chodigital.agency\/en\/how-to-recruit-on-linkedin-in-2024-the-complete-guide-for-vse-and-sme-managers\/\" aria-label=\"Read more about How to recruit on LinkedIn in 2025: the complete guide for VSE and SME managers\" tabindex=\"-1\" >\n\t\t\tRead more\t\t<\/a>\n\n\t\t\t\t<\/div>\n\t\t\t\t\t<\/div>\n\t\t<\/article>\n\t\t\t\t<article class=\"elementor-post elementor-grid-item post-2448 post type-post status-publish format-standard has-post-thumbnail hentry category-non-classifiee\">\n\t\t\t<div class=\"elementor-post__card\">\n\t\t\t\t<a class=\"elementor-post__thumbnail__link\" href=\"https:\/\/chodigital.agency\/en\/7-hr-tasks-you-can-and-should-delegate-to-an-office-manager\/\" tabindex=\"-1\" ><div class=\"elementor-post__thumbnail\"><img loading=\"lazy\" decoding=\"async\" width=\"300\" height=\"200\" src=\"https:\/\/chodigital.agency\/wp-content\/uploads\/2024\/10\/7-missions-RH-que-vous-pouvez-et-devriez-deleguer-a-un-office-manager-300x200.jpg\" class=\"attachment-medium size-medium wp-image-2446\" alt=\"7 missions RH que vous pouvez (et devriez) d\u00e9l\u00e9guer \u00e0 un office manager\" srcset=\"https:\/\/chodigital.agency\/wp-content\/uploads\/2024\/10\/7-missions-RH-que-vous-pouvez-et-devriez-deleguer-a-un-office-manager-300x200.jpg 300w, https:\/\/chodigital.agency\/wp-content\/uploads\/2024\/10\/7-missions-RH-que-vous-pouvez-et-devriez-deleguer-a-un-office-manager-1024x683.jpg 1024w, https:\/\/chodigital.agency\/wp-content\/uploads\/2024\/10\/7-missions-RH-que-vous-pouvez-et-devriez-deleguer-a-un-office-manager-768x512.jpg 768w, https:\/\/chodigital.agency\/wp-content\/uploads\/2024\/10\/7-missions-RH-que-vous-pouvez-et-devriez-deleguer-a-un-office-manager.jpg 1500w\" sizes=\"(max-width: 300px) 100vw, 300px\" \/><\/div><\/a>\n\t\t\t\t<div class=\"elementor-post__text\">\n\t\t\t\t<h3 class=\"elementor-post__title\">\n\t\t\t<a href=\"https:\/\/chodigital.agency\/en\/7-hr-tasks-you-can-and-should-delegate-to-an-office-manager\/\" >\n\t\t\t\t7 HR tasks you can (and should) delegate to an office manager\t\t\t<\/a>\n\t\t<\/h3>\n\t\t\n\t\t<a class=\"elementor-post__read-more\" href=\"https:\/\/chodigital.agency\/en\/7-hr-tasks-you-can-and-should-delegate-to-an-office-manager\/\" aria-label=\"Read more about 7 HR tasks you can (and should) delegate to an office manager\" tabindex=\"-1\" >\n\t\t\tRead more\t\t<\/a>\n\n\t\t\t\t<\/div>\n\t\t\t\t\t<\/div>\n\t\t<\/article>\n\t\t\t\t<article class=\"elementor-post elementor-grid-item post-2429 post type-post status-publish format-standard has-post-thumbnail hentry category-non-classifiee\">\n\t\t\t<div class=\"elementor-post__card\">\n\t\t\t\t<a class=\"elementor-post__thumbnail__link\" href=\"https:\/\/chodigital.agency\/en\/help-with-qualiopi-certification-why-work-with-an-office-manager\/\" tabindex=\"-1\" ><div class=\"elementor-post__thumbnail\"><img loading=\"lazy\" decoding=\"async\" width=\"300\" height=\"200\" src=\"https:\/\/chodigital.agency\/wp-content\/uploads\/2024\/08\/Aide-a-la-certification-Qualiopi-pourquoi-se-faire-accompagner-par-un-Office-Manager-300x200.jpg\" class=\"attachment-medium size-medium wp-image-2371\" alt=\"\" srcset=\"https:\/\/chodigital.agency\/wp-content\/uploads\/2024\/08\/Aide-a-la-certification-Qualiopi-pourquoi-se-faire-accompagner-par-un-Office-Manager-300x200.jpg 300w, https:\/\/chodigital.agency\/wp-content\/uploads\/2024\/08\/Aide-a-la-certification-Qualiopi-pourquoi-se-faire-accompagner-par-un-Office-Manager-1024x683.jpg 1024w, https:\/\/chodigital.agency\/wp-content\/uploads\/2024\/08\/Aide-a-la-certification-Qualiopi-pourquoi-se-faire-accompagner-par-un-Office-Manager-768x512.jpg 768w, https:\/\/chodigital.agency\/wp-content\/uploads\/2024\/08\/Aide-a-la-certification-Qualiopi-pourquoi-se-faire-accompagner-par-un-Office-Manager.jpg 1500w\" sizes=\"(max-width: 300px) 100vw, 300px\" \/><\/div><\/a>\n\t\t\t\t<div class=\"elementor-post__text\">\n\t\t\t\t<h3 class=\"elementor-post__title\">\n\t\t\t<a href=\"https:\/\/chodigital.agency\/en\/help-with-qualiopi-certification-why-work-with-an-office-manager\/\" >\n\t\t\t\tQualiopi help: why use an Office Manager for certification?\t\t\t<\/a>\n\t\t<\/h3>\n\t\t\n\t\t<a class=\"elementor-post__read-more\" href=\"https:\/\/chodigital.agency\/en\/help-with-qualiopi-certification-why-work-with-an-office-manager\/\" aria-label=\"Read more about Qualiopi help: why use an Office Manager for certification?\" tabindex=\"-1\" >\n\t\t\tRead more\t\t<\/a>\n\n\t\t\t\t<\/div>\n\t\t\t\t\t<\/div>\n\t\t<\/article>\n\t\t\t\t<\/div>\n\t\t\n\t\t\t\t<div class=\"e-load-more-anchor\" data-page=\"1\" data-max-page=\"3\" data-next-page=\"https:\/\/chodigital.agency\/en\/wp-json\/wp\/v2\/pages\/2387\/page\/2\/\"><\/div>\n\t\t\t\t<nav class=\"elementor-pagination\" aria-label=\"Pagination\">\n\t\t\t<span aria-current=\"page\" class=\"page-numbers current\"><span class=\"elementor-screen-only\">Page<\/span>1<\/span>\n<a class=\"page-numbers\" href=\"https:\/\/chodigital.agency\/en\/wp-json\/wp\/v2\/pages\/2387\/page\/2\/\"><span class=\"elementor-screen-only\">Page<\/span>2<\/a>\n<a class=\"page-numbers\" href=\"https:\/\/chodigital.agency\/en\/wp-json\/wp\/v2\/pages\/2387\/page\/3\/\"><span class=\"elementor-screen-only\">Page<\/span>3<\/a>\t\t<\/nav>\n\t\t\t\t\t\t<\/div>\n\t\t\t\t<\/div>\n\t\t\t\t\t<\/div>\n\t\t\t\t<\/div>\n\t\t\t\t<\/div>\n\t\t","protected":false},"excerpt":{"rendered":"<p>Discover our articles<\/p>\n","protected":false},"author":2,"featured_media":0,"parent":0,"menu_order":0,"comment_status":"closed","ping_status":"closed","template":"","meta":{"footnotes":""},"class_list":["post-2387","page","type-page","status-publish","hentry"],"yoast_head":"<!-- This site is optimized with the Yoast SEO plugin v24.9 - https:\/\/yoast.com\/wordpress\/plugins\/seo\/ -->\n<title>Blog - CHO Digital<\/title>\n<meta name=\"robots\" content=\"index, follow, max-snippet:-1, max-image-preview:large, max-video-preview:-1\" \/>\n<link rel=\"canonical\" href=\"https:\/\/chodigital.agency\/en\/blog\/\" \/>\n<meta property=\"og:locale\" content=\"en_US\" \/>\n<meta property=\"og:type\" content=\"article\" \/>\n<meta property=\"og:title\" content=\"Blog - CHO Digital\" \/>\n<meta property=\"og:description\" content=\"Discover our articles\" \/>\n<meta property=\"og:url\" content=\"https:\/\/chodigital.agency\/en\/blog\/\" \/>\n<meta property=\"og:site_name\" content=\"CHO Digital\" \/>\n<meta property=\"article:modified_time\" content=\"2024-09-17T07:22:41+00:00\" \/>\n<meta name=\"twitter:card\" content=\"summary_large_image\" \/>\n<script type=\"application\/ld+json\" class=\"yoast-schema-graph\">{\"@context\":\"https:\/\/schema.org\",\"@graph\":[{\"@type\":\"WebPage\",\"@id\":\"https:\/\/chodigital.agency\/en\/blog\/\",\"url\":\"https:\/\/chodigital.agency\/en\/blog\/\",\"name\":\"Blog - CHO Digital\",\"isPartOf\":{\"@id\":\"https:\/\/chodigital.agency\/en\/#website\"},\"datePublished\":\"2024-02-06T08:35:47+00:00\",\"dateModified\":\"2024-09-17T07:22:41+00:00\",\"breadcrumb\":{\"@id\":\"https:\/\/chodigital.agency\/en\/blog\/#breadcrumb\"},\"inLanguage\":\"en-US\",\"potentialAction\":[{\"@type\":\"ReadAction\",\"target\":[\"https:\/\/chodigital.agency\/en\/blog\/\"]}]},{\"@type\":\"BreadcrumbList\",\"@id\":\"https:\/\/chodigital.agency\/en\/blog\/#breadcrumb\",\"itemListElement\":[{\"@type\":\"ListItem\",\"position\":1,\"name\":\"Accueil\",\"item\":\"https:\/\/chodigital.agency\/en\/home\/\"},{\"@type\":\"ListItem\",\"position\":2,\"name\":\"Blog\"}]},{\"@type\":\"WebSite\",\"@id\":\"https:\/\/chodigital.agency\/en\/#website\",\"url\":\"https:\/\/chodigital.agency\/en\/\",\"name\":\"CHO Digital\",\"description\":\"\",\"publisher\":{\"@id\":\"https:\/\/chodigital.agency\/en\/#organization\"},\"potentialAction\":[{\"@type\":\"SearchAction\",\"target\":{\"@type\":\"EntryPoint\",\"urlTemplate\":\"https:\/\/chodigital.agency\/en\/?s={search_term_string}\"},\"query-input\":{\"@type\":\"PropertyValueSpecification\",\"valueRequired\":true,\"valueName\":\"search_term_string\"}}],\"inLanguage\":\"en-US\"},{\"@type\":\"Organization\",\"@id\":\"https:\/\/chodigital.agency\/en\/#organization\",\"name\":\"CHO Digital\",\"url\":\"https:\/\/chodigital.agency\/en\/\",\"logo\":{\"@type\":\"ImageObject\",\"inLanguage\":\"en-US\",\"@id\":\"https:\/\/chodigital.agency\/en\/#\/schema\/logo\/image\/\",\"url\":\"https:\/\/chodigital.agency\/wp-content\/uploads\/2023\/08\/logo-cho-digital-noir.png\",\"contentUrl\":\"https:\/\/chodigital.agency\/wp-content\/uploads\/2023\/08\/logo-cho-digital-noir.png\",\"width\":4961,\"height\":4961,\"caption\":\"CHO Digital\"},\"image\":{\"@id\":\"https:\/\/chodigital.agency\/en\/#\/schema\/logo\/image\/\"}}]}<\/script>\n<!-- \/ Yoast SEO plugin. -->","yoast_head_json":{"title":"Blog - CHO Digital","robots":{"index":"index","follow":"follow","max-snippet":"max-snippet:-1","max-image-preview":"max-image-preview:large","max-video-preview":"max-video-preview:-1"},"canonical":"https:\/\/chodigital.agency\/en\/blog\/","og_locale":"en_US","og_type":"article","og_title":"Blog - CHO Digital","og_description":"Discover our articles","og_url":"https:\/\/chodigital.agency\/en\/blog\/","og_site_name":"CHO Digital","article_modified_time":"2024-09-17T07:22:41+00:00","twitter_card":"summary_large_image","schema":{"@context":"https:\/\/schema.org","@graph":[{"@type":"WebPage","@id":"https:\/\/chodigital.agency\/en\/blog\/","url":"https:\/\/chodigital.agency\/en\/blog\/","name":"Blog - CHO Digital","isPartOf":{"@id":"https:\/\/chodigital.agency\/en\/#website"},"datePublished":"2024-02-06T08:35:47+00:00","dateModified":"2024-09-17T07:22:41+00:00","breadcrumb":{"@id":"https:\/\/chodigital.agency\/en\/blog\/#breadcrumb"},"inLanguage":"en-US","potentialAction":[{"@type":"ReadAction","target":["https:\/\/chodigital.agency\/en\/blog\/"]}]},{"@type":"BreadcrumbList","@id":"https:\/\/chodigital.agency\/en\/blog\/#breadcrumb","itemListElement":[{"@type":"ListItem","position":1,"name":"Accueil","item":"https:\/\/chodigital.agency\/en\/home\/"},{"@type":"ListItem","position":2,"name":"Blog"}]},{"@type":"WebSite","@id":"https:\/\/chodigital.agency\/en\/#website","url":"https:\/\/chodigital.agency\/en\/","name":"CHO Digital","description":"","publisher":{"@id":"https:\/\/chodigital.agency\/en\/#organization"},"potentialAction":[{"@type":"SearchAction","target":{"@type":"EntryPoint","urlTemplate":"https:\/\/chodigital.agency\/en\/?s={search_term_string}"},"query-input":{"@type":"PropertyValueSpecification","valueRequired":true,"valueName":"search_term_string"}}],"inLanguage":"en-US"},{"@type":"Organization","@id":"https:\/\/chodigital.agency\/en\/#organization","name":"CHO Digital","url":"https:\/\/chodigital.agency\/en\/","logo":{"@type":"ImageObject","inLanguage":"en-US","@id":"https:\/\/chodigital.agency\/en\/#\/schema\/logo\/image\/","url":"https:\/\/chodigital.agency\/wp-content\/uploads\/2023\/08\/logo-cho-digital-noir.png","contentUrl":"https:\/\/chodigital.agency\/wp-content\/uploads\/2023\/08\/logo-cho-digital-noir.png","width":4961,"height":4961,"caption":"CHO Digital"},"image":{"@id":"https:\/\/chodigital.agency\/en\/#\/schema\/logo\/image\/"}}]}},"_links":{"self":[{"href":"https:\/\/chodigital.agency\/en\/wp-json\/wp\/v2\/pages\/2387","targetHints":{"allow":["GET"]}}],"collection":[{"href":"https:\/\/chodigital.agency\/en\/wp-json\/wp\/v2\/pages"}],"about":[{"href":"https:\/\/chodigital.agency\/en\/wp-json\/wp\/v2\/types\/page"}],"author":[{"embeddable":true,"href":"https:\/\/chodigital.agency\/en\/wp-json\/wp\/v2\/users\/2"}],"replies":[{"embeddable":true,"href":"https:\/\/chodigital.agency\/en\/wp-json\/wp\/v2\/comments?post=2387"}],"version-history":[{"count":1,"href":"https:\/\/chodigital.agency\/en\/wp-json\/wp\/v2\/pages\/2387\/revisions"}],"predecessor-version":[{"id":2388,"href":"https:\/\/chodigital.agency\/en\/wp-json\/wp\/v2\/pages\/2387\/revisions\/2388"}],"wp:attachment":[{"href":"https:\/\/chodigital.agency\/en\/wp-json\/wp\/v2\/media?parent=2387"}],"curies":[{"name":"wp","href":"https:\/\/api.w.org\/{rel}","templated":true}]}}