{"id":2537,"date":"2024-11-15T15:04:43","date_gmt":"2024-11-15T14:04:43","guid":{"rendered":"https:\/\/chodigital.agency\/terms-of-use\/"},"modified":"2024-11-15T15:10:36","modified_gmt":"2024-11-15T14:10:36","slug":"terms-of-use","status":"publish","type":"page","link":"https:\/\/chodigital.agency\/en\/terms-of-use\/","title":{"rendered":"Terms of use"},"content":{"rendered":"\t\t<div data-elementor-type=\"wp-page\" data-elementor-id=\"2537\" class=\"elementor elementor-2537 elementor-2534\" data-elementor-post-type=\"page\">\n\t\t\t\t<div class=\"elementor-element elementor-element-79c711c e-flex e-con-boxed e-con e-parent\" data-id=\"79c711c\" data-element_type=\"container\">\n\t\t\t\t\t<div class=\"e-con-inner\">\n\t\t\t\t<div class=\"elementor-element elementor-element-05c3d24 elementor-widget elementor-widget-heading\" data-id=\"05c3d24\" data-element_type=\"widget\" data-widget_type=\"heading.default\">\n\t\t\t\t<div class=\"elementor-widget-container\">\n\t\t\t\t\t<h1 class=\"elementor-heading-title elementor-size-default\">Terms of use<\/h1>\t\t\t\t<\/div>\n\t\t\t\t<\/div>\n\t\t\t\t<div class=\"elementor-element elementor-element-0304fe0 elementor-widget elementor-widget-text-editor\" data-id=\"0304fe0\" data-element_type=\"widget\" data-widget_type=\"text-editor.default\">\n\t\t\t\t<div class=\"elementor-widget-container\">\n\t\t\t\t\t\t\t\t\t<h2 style=\"font-weight: 400;\"><strong>WEBSITE PUBLISHER<\/strong><\/h2>\n<p style=\"font-weight: 400;\">CHO DIGITAL<br \/>5 rue de l&#8217;Industrie<br \/>74000 ANNECY<\/p>\n<p>Mail: <a href=\"mailto:emilie.deriano@chodigital.agency\">emilie.deriano@chodigital.agency<\/a><br \/>Tel: 07.49.45.62.12<\/p>\n<p>Soci\u00e9t\u00e9 \u00e0 responsabilit\u00e9 limit\u00e9e \u00e0 associ\u00e9 unique de droit fran\u00e7ais au capital social de 1.000 Euros, registered with the Registre du Commerce et des Soci\u00e9t\u00e9s d&#8217;Annecy under number 845 149 574.<\/p>\n<h2 style=\"font-weight: 400;\"><strong>PUBLICATION MANAGER<\/strong><\/h2>\n<p style=\"font-weight: 400;\">\u00c9milie D\u00e9riano<br \/>emilie.deriano@chodigital.agency<\/p>\n<h2 style=\"font-weight: 400;\"><strong>ACCOMMODATION<\/strong><\/h2>\n<p style=\"font-weight: 400;\">This site is hosted by ALWAYSDATA, located at 91 rue du Faubourg Saint Honor\u00e9 &#8211; 75008 Paris.<\/p>\n<h2 style=\"font-weight: 400;\"><strong>IDENTITY<\/strong><\/h2>\n<h3 style=\"font-weight: 400;\"><strong>Logo<\/strong><\/h3>\n<p style=\"font-weight: 400;\">C\u00e9cile de Nomazy &#8211; Milodon Conseil<\/p>\n<p style=\"font-weight: 400;\">Art director \/ Illustrator \/ storyteller \/ strategy<\/p>\n<p style=\"font-weight: 400;\">cecile@ milodonconseils.com<\/p>\n<p style=\"font-weight: 400;\"><a href=\"https:\/\/milodonconseils.com\" target=\"_blank\" rel=\"noopener\">https:\/\/milodonconseils.com<\/a><\/p>\n<h3 style=\"font-weight: 400;\"><strong>Web design and integration<\/strong><\/h3>\n<p style=\"font-weight: 400;\">Alexandre Thuillier &#8211; Anapn\u00e9o Studio<\/p>\n<p style=\"font-weight: 400;\">Web developer and trainer<\/p>\n<p style=\"font-weight: 400;\">hello@anapneo-studio.fr<\/p>\n<p style=\"font-weight: 400;\"><a href=\"https:\/\/anapneo-studio.fr\" target=\"_blank\" rel=\"noopener\">https:\/\/anapneo-studio.fr<\/a><\/p>\n\t\t\t\t\t\t\t\t<\/div>\n\t\t\t\t<\/div>\n\t\t\t\t\t<\/div>\n\t\t\t\t<\/div>\n\t\t\t\t<\/div>\n\t\t","protected":false},"excerpt":{"rendered":"<p>Terms of use WEBSITE PUBLISHER CHO DIGITAL5 rue de l&#8217;Industrie74000 ANNECY Mail: emilie.deriano@chodigital.agencyTel: 07.49.45.62.12 Soci\u00e9t\u00e9 \u00e0 responsabilit\u00e9 limit\u00e9e \u00e0 associ\u00e9 unique de droit fran\u00e7ais au capital social de 1.000 Euros, registered with the Registre du Commerce et des Soci\u00e9t\u00e9s d&#8217;Annecy under number 845 149 574. PUBLICATION MANAGER \u00c9milie D\u00e9rianoemilie.deriano@chodigital.agency ACCOMMODATION This site is hosted by [&hellip;]<\/p>\n","protected":false},"author":2,"featured_media":0,"parent":0,"menu_order":0,"comment_status":"closed","ping_status":"closed","template":"","meta":{"footnotes":""},"class_list":["post-2537","page","type-page","status-publish","hentry"],"yoast_head":"<!-- This site is optimized with the Yoast SEO plugin v24.9 - https:\/\/yoast.com\/wordpress\/plugins\/seo\/ -->\n<title>Terms of use - CHO Digital<\/title>\n<meta name=\"robots\" content=\"noindex, nofollow\" \/>\n<meta property=\"og:locale\" content=\"en_US\" \/>\n<meta property=\"og:type\" content=\"article\" \/>\n<meta property=\"og:title\" content=\"Terms of use - CHO Digital\" \/>\n<meta property=\"og:description\" content=\"Terms of use WEBSITE PUBLISHER CHO DIGITAL5 rue de l&#8217;Industrie74000 ANNECY Mail: emilie.deriano@chodigital.agencyTel: 07.49.45.62.12 Soci\u00e9t\u00e9 \u00e0 responsabilit\u00e9 limit\u00e9e \u00e0 associ\u00e9 unique de droit fran\u00e7ais au capital social de 1.000 Euros, registered with the Registre du Commerce et des Soci\u00e9t\u00e9s d&#8217;Annecy under number 845 149 574. PUBLICATION MANAGER \u00c9milie D\u00e9rianoemilie.deriano@chodigital.agency ACCOMMODATION This site is hosted by [&hellip;]\" \/>\n<meta property=\"og:url\" content=\"https:\/\/chodigital.agency\/en\/terms-of-use\/\" \/>\n<meta property=\"og:site_name\" content=\"CHO Digital\" \/>\n<meta property=\"article:modified_time\" content=\"2024-11-15T14:10:36+00:00\" \/>\n<meta name=\"twitter:card\" content=\"summary_large_image\" \/>\n<meta name=\"twitter:label1\" content=\"Est. reading time\" \/>\n\t<meta name=\"twitter:data1\" content=\"1 minute\" \/>\n<script type=\"application\/ld+json\" class=\"yoast-schema-graph\">{\"@context\":\"https:\/\/schema.org\",\"@graph\":[{\"@type\":\"WebPage\",\"@id\":\"https:\/\/chodigital.agency\/en\/terms-of-use\/\",\"url\":\"https:\/\/chodigital.agency\/en\/terms-of-use\/\",\"name\":\"Terms of use - CHO Digital\",\"isPartOf\":{\"@id\":\"https:\/\/chodigital.agency\/en\/#website\"},\"datePublished\":\"2024-11-15T14:04:43+00:00\",\"dateModified\":\"2024-11-15T14:10:36+00:00\",\"breadcrumb\":{\"@id\":\"https:\/\/chodigital.agency\/en\/terms-of-use\/#breadcrumb\"},\"inLanguage\":\"en-US\",\"potentialAction\":[{\"@type\":\"ReadAction\",\"target\":[\"https:\/\/chodigital.agency\/en\/terms-of-use\/\"]}]},{\"@type\":\"BreadcrumbList\",\"@id\":\"https:\/\/chodigital.agency\/en\/terms-of-use\/#breadcrumb\",\"itemListElement\":[{\"@type\":\"ListItem\",\"position\":1,\"name\":\"Accueil\",\"item\":\"https:\/\/chodigital.agency\/en\/home\/\"},{\"@type\":\"ListItem\",\"position\":2,\"name\":\"Terms of use\"}]},{\"@type\":\"WebSite\",\"@id\":\"https:\/\/chodigital.agency\/en\/#website\",\"url\":\"https:\/\/chodigital.agency\/en\/\",\"name\":\"CHO Digital\",\"description\":\"\",\"publisher\":{\"@id\":\"https:\/\/chodigital.agency\/en\/#organization\"},\"potentialAction\":[{\"@type\":\"SearchAction\",\"target\":{\"@type\":\"EntryPoint\",\"urlTemplate\":\"https:\/\/chodigital.agency\/en\/?s={search_term_string}\"},\"query-input\":{\"@type\":\"PropertyValueSpecification\",\"valueRequired\":true,\"valueName\":\"search_term_string\"}}],\"inLanguage\":\"en-US\"},{\"@type\":\"Organization\",\"@id\":\"https:\/\/chodigital.agency\/en\/#organization\",\"name\":\"CHO Digital\",\"url\":\"https:\/\/chodigital.agency\/en\/\",\"logo\":{\"@type\":\"ImageObject\",\"inLanguage\":\"en-US\",\"@id\":\"https:\/\/chodigital.agency\/en\/#\/schema\/logo\/image\/\",\"url\":\"https:\/\/chodigital.agency\/wp-content\/uploads\/2023\/08\/logo-cho-digital-noir.png\",\"contentUrl\":\"https:\/\/chodigital.agency\/wp-content\/uploads\/2023\/08\/logo-cho-digital-noir.png\",\"width\":4961,\"height\":4961,\"caption\":\"CHO Digital\"},\"image\":{\"@id\":\"https:\/\/chodigital.agency\/en\/#\/schema\/logo\/image\/\"}}]}<\/script>\n<!-- \/ Yoast SEO plugin. -->","yoast_head_json":{"title":"Terms of use - CHO Digital","robots":{"index":"noindex","follow":"nofollow"},"og_locale":"en_US","og_type":"article","og_title":"Terms of use - CHO Digital","og_description":"Terms of use WEBSITE PUBLISHER CHO DIGITAL5 rue de l&#8217;Industrie74000 ANNECY Mail: emilie.deriano@chodigital.agencyTel: 07.49.45.62.12 Soci\u00e9t\u00e9 \u00e0 responsabilit\u00e9 limit\u00e9e \u00e0 associ\u00e9 unique de droit fran\u00e7ais au capital social de 1.000 Euros, registered with the Registre du Commerce et des Soci\u00e9t\u00e9s d&#8217;Annecy under number 845 149 574. PUBLICATION MANAGER \u00c9milie D\u00e9rianoemilie.deriano@chodigital.agency ACCOMMODATION This site is hosted by [&hellip;]","og_url":"https:\/\/chodigital.agency\/en\/terms-of-use\/","og_site_name":"CHO Digital","article_modified_time":"2024-11-15T14:10:36+00:00","twitter_card":"summary_large_image","twitter_misc":{"Est. reading time":"1 minute"},"schema":{"@context":"https:\/\/schema.org","@graph":[{"@type":"WebPage","@id":"https:\/\/chodigital.agency\/en\/terms-of-use\/","url":"https:\/\/chodigital.agency\/en\/terms-of-use\/","name":"Terms of use - CHO Digital","isPartOf":{"@id":"https:\/\/chodigital.agency\/en\/#website"},"datePublished":"2024-11-15T14:04:43+00:00","dateModified":"2024-11-15T14:10:36+00:00","breadcrumb":{"@id":"https:\/\/chodigital.agency\/en\/terms-of-use\/#breadcrumb"},"inLanguage":"en-US","potentialAction":[{"@type":"ReadAction","target":["https:\/\/chodigital.agency\/en\/terms-of-use\/"]}]},{"@type":"BreadcrumbList","@id":"https:\/\/chodigital.agency\/en\/terms-of-use\/#breadcrumb","itemListElement":[{"@type":"ListItem","position":1,"name":"Accueil","item":"https:\/\/chodigital.agency\/en\/home\/"},{"@type":"ListItem","position":2,"name":"Terms of use"}]},{"@type":"WebSite","@id":"https:\/\/chodigital.agency\/en\/#website","url":"https:\/\/chodigital.agency\/en\/","name":"CHO Digital","description":"","publisher":{"@id":"https:\/\/chodigital.agency\/en\/#organization"},"potentialAction":[{"@type":"SearchAction","target":{"@type":"EntryPoint","urlTemplate":"https:\/\/chodigital.agency\/en\/?s={search_term_string}"},"query-input":{"@type":"PropertyValueSpecification","valueRequired":true,"valueName":"search_term_string"}}],"inLanguage":"en-US"},{"@type":"Organization","@id":"https:\/\/chodigital.agency\/en\/#organization","name":"CHO Digital","url":"https:\/\/chodigital.agency\/en\/","logo":{"@type":"ImageObject","inLanguage":"en-US","@id":"https:\/\/chodigital.agency\/en\/#\/schema\/logo\/image\/","url":"https:\/\/chodigital.agency\/wp-content\/uploads\/2023\/08\/logo-cho-digital-noir.png","contentUrl":"https:\/\/chodigital.agency\/wp-content\/uploads\/2023\/08\/logo-cho-digital-noir.png","width":4961,"height":4961,"caption":"CHO Digital"},"image":{"@id":"https:\/\/chodigital.agency\/en\/#\/schema\/logo\/image\/"}}]}},"_links":{"self":[{"href":"https:\/\/chodigital.agency\/en\/wp-json\/wp\/v2\/pages\/2537","targetHints":{"allow":["GET"]}}],"collection":[{"href":"https:\/\/chodigital.agency\/en\/wp-json\/wp\/v2\/pages"}],"about":[{"href":"https:\/\/chodigital.agency\/en\/wp-json\/wp\/v2\/types\/page"}],"author":[{"embeddable":true,"href":"https:\/\/chodigital.agency\/en\/wp-json\/wp\/v2\/users\/2"}],"replies":[{"embeddable":true,"href":"https:\/\/chodigital.agency\/en\/wp-json\/wp\/v2\/comments?post=2537"}],"version-history":[{"count":2,"href":"https:\/\/chodigital.agency\/en\/wp-json\/wp\/v2\/pages\/2537\/revisions"}],"predecessor-version":[{"id":2542,"href":"https:\/\/chodigital.agency\/en\/wp-json\/wp\/v2\/pages\/2537\/revisions\/2542"}],"wp:attachment":[{"href":"https:\/\/chodigital.agency\/en\/wp-json\/wp\/v2\/media?parent=2537"}],"curies":[{"name":"wp","href":"https:\/\/api.w.org\/{rel}","templated":true}]}}